{"id":2805,"date":"2020-11-24T20:56:35","date_gmt":"2020-11-24T20:56:35","guid":{"rendered":"https:\/\/excelmed.pl\/?post_type=product&#038;p=2805"},"modified":"2021-01-14T22:55:16","modified_gmt":"2021-01-14T21:55:16","slug":"wideoporada-dr-monika-raczkowiak","status":"publish","type":"product","link":"https:\/\/excelmed.pl\/en\/produkt\/wideoporada-dr-monika-raczkowiak\/","title":{"rendered":"Wideoporada z dr Monika R\u0105czkowiak"},"content":{"rendered":"\n<div class=\"wp-block-columns are-vertically-aligned-center is-layout-flex wp-container-core-columns-is-layout-9d6595d7 wp-block-columns-is-layout-flex\">\n<div class=\"wp-block-column is-vertically-aligned-center is-layout-flow wp-block-column-is-layout-flow\">\n<h2 class=\"wp-block-heading\">Wygodny kontakt z lekarzem bez wychodzenia z domu<\/h2>\n\n\n\n<p>Wideoporady w Klinice Medycyny Estetycznej i Stomatologii &#8211; ExcelMed to szybki i wygodny spos\u00f3b kontaktu ze specjalist\u0105 bez konieczno\u015bci wychodzenia z domu.<\/p>\n\n\n\n<p>Wystarczy, \u017ce masz przy sobie telefon, table, laptop lub inne urz\u0105dzenie z kamer\u0105 i dost\u0119pem do internetu.<\/p>\n<\/div>\n\n\n\n<div class=\"wp-block-column is-vertically-aligned-center is-layout-flow wp-block-column-is-layout-flow\">\n<figure class=\"wp-block-image size-large\"><img loading=\"lazy\" decoding=\"async\" width=\"1024\" height=\"683\" src=\"https:\/\/excelmed.pl\/wp-content\/uploads\/2020\/12\/konsultacje-lekarz-szczecin-1024x683.jpg\" alt=\"\" class=\"wp-image-2823\" srcset=\"https:\/\/excelmed.pl\/wp-content\/uploads\/2020\/12\/konsultacje-lekarz-szczecin-1024x683.jpg 1024w, https:\/\/excelmed.pl\/wp-content\/uploads\/2020\/12\/konsultacje-lekarz-szczecin-600x400.jpg 600w, https:\/\/excelmed.pl\/wp-content\/uploads\/2020\/12\/konsultacje-lekarz-szczecin-768x512.jpg 768w, https:\/\/excelmed.pl\/wp-content\/uploads\/2020\/12\/konsultacje-lekarz-szczecin.jpg 1200w\" sizes=\"auto, (max-width: 1024px) 100vw, 1024px\" \/><\/figure>\n<\/div>\n<\/div>\n\n\n\n<div class=\"wp-block-columns are-vertically-aligned-center is-layout-flex wp-container-core-columns-is-layout-9d6595d7 wp-block-columns-is-layout-flex\">\n<div class=\"wp-block-column is-vertically-aligned-center is-layout-flow wp-block-column-is-layout-flow\">\n<figure class=\"wp-block-image size-large\"><img loading=\"lazy\" decoding=\"async\" width=\"1024\" height=\"759\" src=\"https:\/\/excelmed.pl\/wp-content\/uploads\/2020\/12\/wideokonsultacje-lekarz-1024x759.jpg\" alt=\"\" class=\"wp-image-2825\" srcset=\"https:\/\/excelmed.pl\/wp-content\/uploads\/2020\/12\/wideokonsultacje-lekarz-1024x759.jpg 1024w, https:\/\/excelmed.pl\/wp-content\/uploads\/2020\/12\/wideokonsultacje-lekarz-600x445.jpg 600w, https:\/\/excelmed.pl\/wp-content\/uploads\/2020\/12\/wideokonsultacje-lekarz-768x569.jpg 768w, https:\/\/excelmed.pl\/wp-content\/uploads\/2020\/12\/wideokonsultacje-lekarz.jpg 1200w\" sizes=\"auto, (max-width: 1024px) 100vw, 1024px\" \/><\/figure>\n<\/div>\n\n\n\n<div class=\"wp-block-column is-vertically-aligned-center is-layout-flow wp-block-column-is-layout-flow\">\n<h2 class=\"wp-block-heading\">Zalety wideokonsultacji<\/h2>\n\n\n\n<p>Wideokonsultacje to obecnie najwygodniejszy, najszybszy i najbezpezieczniejszy spos\u00f3b kontaktu z lekarzem medycyny estetycznej. Wideoporada to najlepszy spos\u00f3b konsultacji z lekarzem w przypadku gdy nie mo\u017cesz wy\u015b\u0107 z domu lub gdy w danym czasie nie mo\u017cesz by\u0107 na miejscu w naszej klinice.<\/p>\n\n\n\n<p>Wideokonsultacja to r\u00f3wnie\u017c najwygodniejszy spos\u00f3b na um\u00f3wienie wizyty. Mo\u017cesz to zrobi\u0107 w dowolnym momencie i o dowolnej porze dnia i nocy, bez wzgl\u0119du na to czy nasza klinika jest aktualnie czynna lub linia telefoniczna jest dost\u0119pna. W trzech krokach mo\u017cesz wybra\u0107 dogodny Tobie termin konsultacji z jednym z naszych specjalist\u00f3w.<\/p>\n<\/div>\n<\/div>\n\n\n\n<h2 class=\"has-text-align-center wp-block-heading\">Um\u00f3w wideokonsultacj\u0119 w 3 krokach<\/h2>\n\n\n\n<div class=\"wp-block-columns load-value-box margin-bottom-70 is-layout-flex wp-container-core-columns-is-layout-9d6595d7 wp-block-columns-is-layout-flex\">\n<div class=\"wp-block-column is-layout-flow wp-block-column-is-layout-flow\">\n<h3 class=\"has-text-align-center wp-block-heading\">1<\/h3>\n\n\n\n<p class=\"has-text-align-center\">Wybierz dzie\u0144 i godzin\u0119 konsultacji<\/p>\n\n\n\n<p><\/p>\n<\/div>\n\n\n\n<div class=\"wp-block-column is-layout-flow wp-block-column-is-layout-flow\">\n<h3 class=\"has-text-align-center wp-block-heading\">2<\/h3>\n\n\n\n<p class=\"has-text-align-center\">Op\u0142a\u0107 rezerwacj\u0119<\/p>\n<\/div>\n\n\n\n<div class=\"wp-block-column is-layout-flow wp-block-column-is-layout-flow\">\n<h3 class=\"has-text-align-center wp-block-heading\">3<\/h3>\n\n\n\n<p class=\"has-text-align-center\">Odbierz link do wideokonsultacji<\/p>\n<\/div>\n<\/div>\n\n\n\n<p>Z wideokonsultacji mo\u017cesz skorzysta\u0107 na ka\u017cdym urz\u0105dzeniu, kt\u00f3re ma dost\u0119p do internetu i kamer\u0105. Sama wideokonsultacja jest dostepna z poziomu przegl\u0105darki i aplikacji ZOOM. Szczeg\u00f3\u0142owe informacje dotycz\u0105ce wideokonsultacji otrzymasz na adres e-mail podany podczas zam\u00f3wienia.<\/p>\n","protected":false},"excerpt":{"rendered":"<p>Wieokonsultacja dost\u0119pna w wariancie 15 i 30 minut.<\/p>\n","protected":false},"author":1,"featured_media":2664,"comment_status":"open","ping_status":"closed","template":"","meta":{"advgb_blocks_editor_width":"","advgb_blocks_columns_visual_guide":""},"product_brand":[],"product_cat":[981],"product_tag":[],"yst_prominent_words":[172,74,171,169],"class_list":{"0":"post-2805","1":"product","2":"type-product","3":"status-publish","4":"has-post-thumbnail","6":"product_cat-wideokonsultacja","8":"first","9":"instock","10":"virtual","11":"sold-individually","12":"taxable","13":"purchasable","14":"product-type-booking"},"featured_img":"https:\/\/excelmed.pl\/wp-content\/uploads\/2020\/10\/klinika-dr-Monika-Rackowiak.jpg","coauthors":[],"author_meta":{"author_link":"https:\/\/excelmed.pl\/en\/author\/admin\/","display_name":"admin"},"relative_dates":{"created":"Posted 5 years ago","modified":"Updated 5 years ago"},"absolute_dates":{"created":"Posted on 24 November 2020","modified":"Updated on 14 January 2021"},"absolute_dates_time":{"created":"Posted on 24 November 2020 20:56","modified":"Updated on 14 January 2021 22:55"},"featured_img_caption":"","tax_additional":{"product_brand":{"linked":[],"unlinked":[],"slug":"product_brand","name":"Brands"},"product_type":{"linked":["<a href=\"https:\/\/excelmed.pl\/en\/?taxonomy=product_type&#038;term=booking\" class=\"advgb-post-tax-term\">booking<\/a>"],"unlinked":["<span class=\"advgb-post-tax-term\">booking<\/span>"],"slug":"product_type","name":"Product type"},"product_visibility":{"linked":["<a href=\"https:\/\/excelmed.pl\/?taxonomy=product_visibility&#038;term=exclude-from-catalog\" class=\"advgb-post-tax-term\">exclude-from-catalog<\/a>","<a href=\"https:\/\/excelmed.pl\/?taxonomy=product_visibility&#038;term=exclude-from-search\" class=\"advgb-post-tax-term\">exclude-from-search<\/a>"],"unlinked":["<span class=\"advgb-post-tax-term\">exclude-from-catalog<\/span>","<span class=\"advgb-post-tax-term\">exclude-from-search<\/span>"],"slug":"product_visibility","name":"Product visibility"},"product_cat":{"linked":["<a href=\"https:\/\/excelmed.pl\/en\/kategoria-produktu\/wideokonsultacja\/\" class=\"advgb-post-tax-term\">Wideokonsultacja<\/a>"],"unlinked":["<span class=\"advgb-post-tax-term\">Wideokonsultacja<\/span>"],"slug":"product_cat","name":"Product categories"},"product_tag":{"linked":[],"unlinked":[],"slug":"product_tag","name":"Product tags"},"product_shipping_class":{"linked":[],"unlinked":[],"slug":"product_shipping_class","name":"Product shipping classes"},"pos_product_visibility":{"linked":[],"unlinked":[],"slug":"pos_product_visibility","name":"POS Product visibility"},"translation_priority":{"linked":["<a href=\"https:\/\/excelmed.pl\/en\/?taxonomy=translation_priority&#038;term=optional\" class=\"advgb-post-tax-term\">Optional<\/a>"],"unlinked":["<span class=\"advgb-post-tax-term\">Optional<\/span>"],"slug":"translation_priority","name":"Translation Priorities"},"yst_prominent_words":{"linked":["<a href=\"https:\/\/excelmed.pl\/en\/yst_prominent_words\/estetycznej\/\" class=\"advgb-post-tax-term\">estetycznej<\/a>","<a href=\"https:\/\/excelmed.pl\/en\/yst_prominent_words\/klinice\/\" class=\"advgb-post-tax-term\">klinice<\/a>","<a href=\"https:\/\/excelmed.pl\/en\/yst_prominent_words\/medycyny\/\" class=\"advgb-post-tax-term\">medycyny<\/a>","<a href=\"https:\/\/excelmed.pl\/en\/yst_prominent_words\/medycyny-estetycznej\/\" class=\"advgb-post-tax-term\">medycyny estetycznej<\/a>"],"unlinked":["<span class=\"advgb-post-tax-term\">estetycznej<\/span>","<span class=\"advgb-post-tax-term\">klinice<\/span>","<span class=\"advgb-post-tax-term\">medycyny<\/span>","<span class=\"advgb-post-tax-term\">medycyny estetycznej<\/span>"],"slug":"yst_prominent_words","name":"Prominent words"}},"series_order":"","_links":{"self":[{"href":"https:\/\/excelmed.pl\/en\/wp-json\/wp\/v2\/product\/2805","targetHints":{"allow":["GET"]}}],"collection":[{"href":"https:\/\/excelmed.pl\/en\/wp-json\/wp\/v2\/product"}],"about":[{"href":"https:\/\/excelmed.pl\/en\/wp-json\/wp\/v2\/types\/product"}],"replies":[{"embeddable":true,"href":"https:\/\/excelmed.pl\/en\/wp-json\/wp\/v2\/comments?post=2805"}],"wp:featuredmedia":[{"embeddable":true,"href":"https:\/\/excelmed.pl\/en\/wp-json\/wp\/v2\/media\/2664"}],"wp:attachment":[{"href":"https:\/\/excelmed.pl\/en\/wp-json\/wp\/v2\/media?parent=2805"}],"wp:term":[{"taxonomy":"product_brand","embeddable":true,"href":"https:\/\/excelmed.pl\/en\/wp-json\/wp\/v2\/product_brand?post=2805"},{"taxonomy":"product_cat","embeddable":true,"href":"https:\/\/excelmed.pl\/en\/wp-json\/wp\/v2\/product_cat?post=2805"},{"taxonomy":"product_tag","embeddable":true,"href":"https:\/\/excelmed.pl\/en\/wp-json\/wp\/v2\/product_tag?post=2805"},{"taxonomy":"yst_prominent_words","embeddable":true,"href":"https:\/\/excelmed.pl\/en\/wp-json\/wp\/v2\/yst_prominent_words?post=2805"}],"curies":[{"name":"wp","href":"https:\/\/api.w.org\/{rel}","templated":true}]}}