{"id":80,"date":"2020-02-12T21:25:07","date_gmt":"2020-02-12T21:25:07","guid":{"rendered":"https:\/\/excelmed.pl\/?page_id=80"},"modified":"2024-05-08T08:29:52","modified_gmt":"2024-05-08T07:29:52","slug":"kontakt","status":"publish","type":"page","link":"https:\/\/excelmed.pl\/en\/kontakt\/","title":{"rendered":"Kontakt"},"content":{"rendered":"\n<p> Zapraszamy do kontaktu poprzez formularz kontaktowy, telefonicznie b\u0105d\u017a bezpo\u015brednio w naszej klinice w Szczecinie.<\/p>\n\n\n\n<p>Na wszelkie pytania z ch\u0119ci\u0105 odpowiedz\u0105 nasi eksperci kosmetologii i medycyny estetycznej.<\/p>\n","protected":false},"excerpt":{"rendered":"<p>Zapraszamy do kontaktu poprzez formularz kontaktowy, telefonicznie b\u0105d\u017a bezpo\u015brednio w naszej klinice w Szczecinie. Na wszelkie pytania z ch\u0119ci\u0105 odpowiedz\u0105<\/p>\n","protected":false},"author":2,"featured_media":0,"parent":0,"menu_order":0,"comment_status":"closed","ping_status":"closed","template":"templates\/kontakt.php","meta":{"advgb_blocks_editor_width":"","advgb_blocks_columns_visual_guide":"","footnotes":""},"yst_prominent_words":[],"class_list":["post-80","page","type-page","status-publish","hentry"],"coauthors":[],"author_meta":{"author_link":"https:\/\/excelmed.pl\/en\/author\/radek\/","display_name":"Radek"},"relative_dates":{"created":"Posted 6 years ago","modified":"Updated 2 years ago"},"absolute_dates":{"created":"Posted on 12 February 2020","modified":"Updated on 8 May 2024"},"absolute_dates_time":{"created":"Posted on 12 February 2020 21:25","modified":"Updated on 8 May 2024 08:29"},"featured_img_caption":"","featured_img":false,"series_order":"","_links":{"self":[{"href":"https:\/\/excelmed.pl\/en\/wp-json\/wp\/v2\/pages\/80","targetHints":{"allow":["GET"]}}],"collection":[{"href":"https:\/\/excelmed.pl\/en\/wp-json\/wp\/v2\/pages"}],"about":[{"href":"https:\/\/excelmed.pl\/en\/wp-json\/wp\/v2\/types\/page"}],"author":[{"embeddable":true,"href":"https:\/\/excelmed.pl\/en\/wp-json\/wp\/v2\/users\/2"}],"replies":[{"embeddable":true,"href":"https:\/\/excelmed.pl\/en\/wp-json\/wp\/v2\/comments?post=80"}],"version-history":[{"count":31,"href":"https:\/\/excelmed.pl\/en\/wp-json\/wp\/v2\/pages\/80\/revisions"}],"predecessor-version":[{"id":3185,"href":"https:\/\/excelmed.pl\/en\/wp-json\/wp\/v2\/pages\/80\/revisions\/3185"}],"wp:attachment":[{"href":"https:\/\/excelmed.pl\/en\/wp-json\/wp\/v2\/media?parent=80"}],"wp:term":[{"taxonomy":"yst_prominent_words","embeddable":true,"href":"https:\/\/excelmed.pl\/en\/wp-json\/wp\/v2\/yst_prominent_words?post=80"}],"curies":[{"name":"wp","href":"https:\/\/api.w.org\/{rel}","templated":true}]}}