{"id":50,"date":"2020-02-10T22:51:09","date_gmt":"2020-02-10T22:51:09","guid":{"rendered":"https:\/\/excelmed.pl\/?page_id=50"},"modified":"2020-04-05T02:55:09","modified_gmt":"2020-04-05T02:55:09","slug":"excelmed","status":"publish","type":"page","link":"https:\/\/excelmed.pl\/en\/","title":{"rendered":"Excelmed en"},"content":{"rendered":"\n<h1><strong>Excel<\/strong>med<\/h1>\n\n\n\n<h3 class=\"wp-block-heading\">Klinika Stomatologii i Medycyny Estetycznej  en<\/h3>\n\n\n\n<div class=\"wp-block-media-text alignwide is-vertically-aligned-center\" style=\"grid-template-columns:32% auto\"><figure class=\"wp-block-media-text__media\"><img loading=\"lazy\" decoding=\"async\" width=\"678\" height=\"793\" src=\"https:\/\/excelmed.pl\/wp-content\/uploads\/2020\/03\/Monika-R\u0105czkowiak-Stomatolog-Szczecin.jpg\" alt=\"\" class=\"wp-image-979\" srcset=\"https:\/\/excelmed.pl\/wp-content\/uploads\/2020\/03\/Monika-R\u0105czkowiak-Stomatolog-Szczecin.jpg 678w, https:\/\/excelmed.pl\/wp-content\/uploads\/2020\/03\/Monika-R\u0105czkowiak-Stomatolog-Szczecin-513x600.jpg 513w, https:\/\/excelmed.pl\/wp-content\/uploads\/2020\/03\/Monika-R\u0105czkowiak-Stomatolog-Szczecin-600x702.jpg 600w\" sizes=\"auto, (max-width: 678px) 100vw, 678px\" \/><\/figure><div class=\"wp-block-media-text__content\">\n<p> Witaj w <strong>ExcelMed<\/strong> &#8211; Klinice Stomatologii i Medycyny Estetycznej w Szczecinie. <\/p>\n\n\n\n<p>Od ponad 15 lat nasz zesp\u00f3\u0142 ekspert\u00f3w z dziedziny stomatologii oraz medycyny estetycznej, spe\u0142nia marzenia os\u00f3b, kt\u00f3re chc\u0105 mie\u0107 pi\u0119kny u\u015bmiech i wygl\u0105d ka\u017cdego dnia.<\/p>\n\n\n\n<p>Od samego pocz\u0105tku, misj\u0105 marki <strong>ExcelMed<\/strong> by\u0142o zapewnienie kompleksowej i profesjonalnej opieki w jednym miejscu, kt\u00f3ra b\u0119dzie indywidualnie dopasowana do potrzeb ka\u017cdego pacjenta. W ramach jednej marki, jak\u0105 jest <strong>ExcelMed<\/strong> uda\u0142o nam si\u0119 skupi\u0107 najlepszych ekspert\u00f3w w dziedzinie stomatologii, implantologii oraz medycyny estetycznej, a tak\u017ce stworzy\u0107 Instytut Fibryny i Osocza<\/p>\n\n\n\n<p>Dostrzegaj\u0105c ogromne zainteresowanie os\u00f3b takich jak Ty, utrzymaniem i dbaniem o pi\u0119kny wygl\u0105d postanowili\u015bmy r\u00f3wnie\u017c stworzy\u0107 dedykowan\u0105 lini\u0119 kosmetyk\u00f3w profesjonalnych, kt\u00f3re znajdziesz tylko w naszej ofercie ExcelMed.<\/p>\n\n\n\n<p>Zapraszam Ci\u0119 do zapoznania si\u0119 odwiedzenia naszej <strong>Kliniki Stomatologii i Medycyny Estetycznej &#8211; ExcelMed<\/strong> w samym centrum Szczecina.<\/p>\n\n\n\n<p class=\"has-text-align-right has-large-font-size\"><strong>Monika R\u0105czkowiak<\/strong><\/p>\n\n\n\n<p class=\"has-text-align-right\">  Lekarz medycyny estetycznej, Stomatolog   <\/p>\n<\/div><\/div>\n","protected":false},"excerpt":{"rendered":"<p>Excelmed Klinika Stomatologii i Medycyny Estetycznej en Witaj w ExcelMed &#8211; Klinice Stomatologii i Medycyny Estetycznej w Szczecinie. Od ponad<\/p>\n","protected":false},"author":1,"featured_media":0,"parent":0,"menu_order":0,"comment_status":"closed","ping_status":"closed","template":"templates\/strona-glowna.php","meta":{"advgb_blocks_editor_width":"","advgb_blocks_columns_visual_guide":"","footnotes":""},"yst_prominent_words":[],"class_list":["post-50","page","type-page","status-publish","hentry"],"coauthors":[],"author_meta":{"author_link":"https:\/\/excelmed.pl\/en\/author\/admin\/","display_name":"admin"},"relative_dates":{"created":"Posted 6 years ago","modified":"Updated 6 years ago"},"absolute_dates":{"created":"Posted on 10 February 2020","modified":"Updated on 5 April 2020"},"absolute_dates_time":{"created":"Posted on 10 February 2020 22:51","modified":"Updated on 5 April 2020 02:55"},"featured_img_caption":"","featured_img":false,"series_order":"","_links":{"self":[{"href":"https:\/\/excelmed.pl\/en\/wp-json\/wp\/v2\/pages\/50","targetHints":{"allow":["GET"]}}],"collection":[{"href":"https:\/\/excelmed.pl\/en\/wp-json\/wp\/v2\/pages"}],"about":[{"href":"https:\/\/excelmed.pl\/en\/wp-json\/wp\/v2\/types\/page"}],"author":[{"embeddable":true,"href":"https:\/\/excelmed.pl\/en\/wp-json\/wp\/v2\/users\/1"}],"replies":[{"embeddable":true,"href":"https:\/\/excelmed.pl\/en\/wp-json\/wp\/v2\/comments?post=50"}],"version-history":[{"count":12,"href":"https:\/\/excelmed.pl\/en\/wp-json\/wp\/v2\/pages\/50\/revisions"}],"predecessor-version":[{"id":1345,"href":"https:\/\/excelmed.pl\/en\/wp-json\/wp\/v2\/pages\/50\/revisions\/1345"}],"wp:attachment":[{"href":"https:\/\/excelmed.pl\/en\/wp-json\/wp\/v2\/media?parent=50"}],"wp:term":[{"taxonomy":"yst_prominent_words","embeddable":true,"href":"https:\/\/excelmed.pl\/en\/wp-json\/wp\/v2\/yst_prominent_words?post=50"}],"curies":[{"name":"wp","href":"https:\/\/api.w.org\/{rel}","templated":true}]}}