{"id":2905,"date":"2020-12-16T00:06:33","date_gmt":"2020-12-15T23:06:33","guid":{"rendered":"https:\/\/excelmed.pl\/?page_id=2905"},"modified":"2020-12-17T15:08:33","modified_gmt":"2020-12-17T14:08:33","slug":"regulamin-sklepu-excelmed-pl","status":"publish","type":"page","link":"https:\/\/excelmed.pl\/en\/regulamin-sklepu-excelmed-pl\/","title":{"rendered":"Regulamin sklepu excelmed.pl"},"content":{"rendered":"\n<h2 class=\"wp-block-heading\"><strong>\u00a71<\/strong><\/h2>\n\n\n\n<h3 class=\"wp-block-heading\"><strong>Postanowienia wst\u0119pne<\/strong><\/h3>\n\n\n\n<ol class=\"wp-block-list\"><li>Sklep internetowy excelmed.pl, dost\u0119pny pod adresem internetowym  excelmed.pl , prowadzony jest Excelmed Sp\u00f3\u0142ka Cywilna Monika R\u0105czkowiak Bartosz R\u0105czkowiak z siedzib\u0105 przy ul. Miko\u0142aja Kopernika, 70-241 Szczecin, NIP  8513121173, REGON  320855024.<\/li><li>Niniejszy Regulamin skierowany jest zar\u00f3wno do Konsument\u00f3w, jak i do Przedsi\u0119biorc\u00f3w korzystaj\u0105cych ze Sklepu i okre\u015bla zasady korzystania ze Sklepu internetowego oraz zasady i tryb zawierania Um\u00f3w Sprzeda\u017cy z Klientem na odleg\u0142o\u015b\u0107 za po\u015brednictwem Sklepu.<\/li><\/ol>\n\n\n\n<h3 class=\"wp-block-heading\"><strong>\u00a72<\/strong><\/h3>\n\n\n\n<h3 class=\"wp-block-heading\"><strong>Definicje<\/strong><\/h3>\n\n\n\n<ol class=\"wp-block-list\"><li><strong>Konsument&nbsp;<\/strong>\u2013 osoba fizyczna zawieraj\u0105ca ze Sprzedawc\u0105 umow\u0119 w ramach Sklepu, kt\u00f3rej przedmiot nie jest zwi\u0105zany bezpo\u015brednio z jej dzia\u0142alno\u015bci\u0105 gospodarcz\u0105 lub zawodow\u0105.<\/li><li><strong>Sprzedawca&nbsp;<\/strong>\u2013  Excelmed Sp\u00f3\u0142ka Cywilna Monika R\u0105czkowiak Bartosz R\u0105czkowiak z siedzib\u0105 przy ul. Miko\u0142aja Kopernika, 70-241 Szczecin, NIP  8513121173, REGON  320855024.<\/li><li><strong>Klient&nbsp;<\/strong>\u2013 ka\u017cdy podmiot dokonuj\u0105cy zakup\u00f3w za po\u015brednictwem Sklepu.<\/li><li><strong>Przedsi\u0119biorca&nbsp;<\/strong>\u2013 osoba fizyczna, osoba prawna i jednostka organizacyjna nieb\u0119d\u0105ca osob\u0105 prawn\u0105, kt\u00f3rej odr\u0119bna ustawa przyznaje zdolno\u015b\u0107 prawn\u0105, wykonuj\u0105ca we w\u0142asnym imieniu dzia\u0142alno\u015b\u0107 gospodarcz\u0105, kt\u00f3ra korzysta ze Sklepu.<\/li><li><strong>Sklep&nbsp;<\/strong>\u2013 sklep internetowy prowadzony przez Sprzedawc\u0119 pod adresem internetowym&nbsp;<strong>excelmed.pl<\/strong><\/li><li><strong>Umowa zawarta na odleg\u0142o\u015b\u0107<\/strong>&nbsp;\u2013 umowa zawarta z Klientem w ramach zorganizowanego systemu zawierania um\u00f3w na odleg\u0142o\u015b\u0107 (w ramach Sklepu), bez jednoczesnej fizycznej obecno\u015bci stron, z wy\u0142\u0105cznym wykorzystaniem jednego lub wi\u0119kszej liczby \u015brodk\u00f3w porozumiewania si\u0119 na odleg\u0142o\u015b\u0107 do chwili zawarcia umowy w\u0142\u0105cznie.<\/li><li><strong>Regulamin&nbsp;<\/strong>\u2013 niniejszy regulamin Sklepu.<\/li><li><strong>Zam\u00f3wienie&nbsp;<\/strong>\u2013 o\u015bwiadczenie woli Klienta sk\u0142adane za pomoc\u0105 Formularza Zam\u00f3wienia i zmierzaj\u0105ce bezpo\u015brednio do zawarcia Umowy Sprzeda\u017cy Produktu lub Produkt\u00f3w ze Sprzedawc\u0105.<\/li><li><strong>Konto<\/strong>&nbsp;\u2013 konto klienta w Sklepie, s\u0105 w nim gromadzone dane podane przez Klienta oraz informacje o z\u0142o\u017conych przez niego Zam\u00f3wieniach w Sklepie.<\/li><li><strong>Formularz rejestracji&nbsp;<\/strong>\u2013 formularz dost\u0119pny w Sklepie, umo\u017cliwiaj\u0105cy utworzenie Konta.<\/li><li><strong>Formularz zam\u00f3wienia<\/strong>&nbsp;\u2013 interaktywny formularz dost\u0119pny w Sklepie umo\u017cliwiaj\u0105cy z\u0142o\u017cenie Zam\u00f3wienia, w szczeg\u00f3lno\u015bci poprzez dodanie Produkt\u00f3w do Koszyka oraz okre\u015blenie warunk\u00f3w Umowy Sprzeda\u017cy, w tym sposobu dostawy i p\u0142atno\u015bci.<\/li><li><strong>Koszyk&nbsp;<\/strong>\u2013 element oprogramowania Sklepu, w kt\u00f3rym widoczne s\u0105 wybrane przez Klienta Produkty do zakupu, a tak\u017ce istnieje mo\u017cliwo\u015b\u0107 ustalenia i modyfikacji danych Zam\u00f3wienia, w szczeg\u00f3lno\u015bci ilo\u015bci produkt\u00f3w.<\/li><li><strong>Produkt&nbsp;<\/strong>\u2013 dost\u0119pna w Sklepie rzecz ruchoma\/us\u0142uga b\u0119d\u0105ca przedmiotem Umowy Sprzeda\u017cy mi\u0119dzy Klientem a Sprzedawc\u0105.<\/li><li><strong>Umowa Sprzeda\u017cy<\/strong>&nbsp;\u2013 umowa sprzeda\u017cy Produktu zawierana albo zawarta mi\u0119dzy Klientem a Sprzedawc\u0105 za po\u015brednictwem Sklepu internetowego. Przez Umow\u0119 Sprzeda\u017cy rozumie si\u0119 te\u017c \u2013 stosowanie do cech Produktu \u2013 umow\u0119 o \u015bwiadczenie us\u0142ug i umow\u0119 o dzie\u0142o.<\/li><\/ol>\n\n\n\n<h3 class=\"wp-block-heading\"><strong>\u00a73<\/strong><\/h3>\n\n\n\n<h3 class=\"wp-block-heading\"><strong>Kontakt ze Sklepem<\/strong><\/h3>\n\n\n\n<ol class=\"wp-block-list\"><li>Adres Sprzedawcy: ul. Miko\u0142aja Kopernika, 70-241 Szczecin <\/li><li>Adres e-mail Sprzedawcy: kontakt@excelmed.pl<\/li><li>Numer telefonu Sprzedawcy: +48 91 422 11 00 <\/li><li>Numer rachunku bankowego Sprzedawcy  24 1020 4795 0000 9902 0420 0598.<\/li><li>Klient mo\u017ce porozumiewa\u0107 si\u0119 ze Sprzedawc\u0105 za pomoc\u0105 adres\u00f3w i numer\u00f3w telefon\u00f3w podanych w niniejszym paragrafie.<\/li><li>Klient mo\u017ce porozumie\u0107 si\u0119 telefonicznie ze Sprzedawc\u0105 od poniedzia\u0142ku do pi\u0105tku w godzinach 8:30-16:30.<\/li><\/ol>\n\n\n\n<h3 class=\"wp-block-heading\"><strong>\u00a74<\/strong><\/h3>\n\n\n\n<h3 class=\"wp-block-heading\"><strong>Wymagania techniczne<\/strong><\/h3>\n\n\n\n<p>Do korzystania ze Sklepu, w tym przegl\u0105dania asortymentu Sklepu oraz sk\u0142adania zam\u00f3wie\u0144 na Produkty, niezb\u0119dne s\u0105:<\/p>\n\n\n\n<ol class=\"wp-block-list\"><li>urz\u0105dzenie ko\u0144cowe z dost\u0119pem do sieci Internet i przegl\u0105dark\u0105 internetow\u0105 typu Google Chrome 72.0.3626, Mozilla Firefox 65.0.2, Microsoft Edge 44.18323<\/li><li>aktywne konto poczty elektronicznej (e-mail),<\/li><li>w\u0142\u0105czona obs\u0142uga plik\u00f3w cookies,,<\/li><li>zainstalowany program FlashPlayer.<\/li><\/ol>\n\n\n\n<h3 class=\"wp-block-heading\"><strong>\u00a75<\/strong><\/h3>\n\n\n\n<h3 class=\"wp-block-heading\"><strong>Informacje og\u00f3lne<\/strong><\/h3>\n\n\n\n<ol class=\"wp-block-list\"><li>Sprzedawca w najszerszym dopuszczalnym przez prawo zakresie nie ponosi odpowiedzialno\u015bci za zak\u0142\u00f3cenia w tym przerwy w funkcjonowaniu Sklepu spowodowane si\u0142\u0105 wy\u017csz\u0105, niedozwolonym dzia\u0142aniem os\u00f3b trzecich lub niekompatybilno\u015bci\u0105 Sklepu internetowego z infrastruktur\u0105 techniczn\u0105 Klienta.<\/li><li>Przegl\u0105danie asortymentu Sklepu nie wymaga zak\u0142adania Konta. Sk\u0142adanie zam\u00f3wie\u0144 przez Klienta na Produkty znajduj\u0105ce si\u0119 w asortymencie Sklepu mo\u017cliwe jest albo po za\u0142o\u017ceniu Konta zgodnie z postanowieniami \u00a7 6 Regulaminu albo przez podanie niezb\u0119dnych danych osobowych i adresowych umo\u017cliwiaj\u0105cych realizacj\u0119 Zam\u00f3wienia bez zak\u0142adania Konta.<\/li><li>Ceny podane w Sklepie s\u0105 podane w polskich z\u0142otych i s\u0105 cenami brutto (uwzgl\u0119dniaj\u0105 podatek VAT).<\/li><li>Na ko\u0144cow\u0105 (ostateczn\u0105) kwot\u0119 do zap\u0142aty przez Klienta sk\u0142ada si\u0119 cena za Produkt oraz koszt dostawy (w tym op\u0142aty za transport, dostarczenie i us\u0142ugi pocztowe), o kt\u00f3rej Klient jest informowany na stronach Sklepu w trakcie sk\u0142adania Zam\u00f3wienia, w tym tak\u017ce w chwili wyra\u017cenia woli zwi\u0105zania si\u0119 Umow\u0105 Sprzeda\u017cy.<\/li><li>W przypadku Umowy obejmuj\u0105cej prenumerat\u0119 lub \u015bwiadczenie us\u0142ug na czas nieoznaczony ko\u0144cow\u0105 (ostateczn\u0105) cen\u0105 jest \u0142\u0105czna cena obejmuj\u0105ca wszystkie p\u0142atno\u015bci za okres rozliczeniowy.<\/li><li>Gdy charakter przedmiotu Umowy nie pozwala, rozs\u0105dnie oceniaj\u0105c, na wcze\u015bniejsze obliczenie wysoko\u015bci ko\u0144cowej (ostatecznej) ceny, informacja o sposobie, w jaki cena b\u0119dzie obliczana, a tak\u017ce o op\u0142atach za transport, dostarczenie, us\u0142ugi pocztowe oraz o innych kosztach, b\u0119dzie podana w Sklepie w opisie Produktu.<\/li><\/ol>\n\n\n\n<h3 class=\"wp-block-heading\"><strong>\u00a76<\/strong><\/h3>\n\n\n\n<h3 class=\"wp-block-heading\"><strong>Zak\u0142adanie Konta w Sklepie<\/strong><\/h3>\n\n\n\n<ol class=\"wp-block-list\"><li>Aby za\u0142o\u017cy\u0107 Konto w Sklepie, nale\u017cy wype\u0142ni\u0107 Formularz rejestracji. Niezb\u0119dne jest podanie nast\u0119puj\u0105cych danych:<\/li><\/ol>\n\n\n\n<ul class=\"wp-block-list\"><li>kod pocztowy<\/li><li>kraj<\/li><li>miasto<\/li><li>nazwisko<\/li><li>imi\u0119<\/li><li>telefon<\/li><li>adres e-mail<\/li><li>adres wysy\u0142ki<\/li><\/ul>\n\n\n\n<ol class=\"wp-block-list\"><li>Za\u0142o\u017cenie Konta w Sklepie jest darmowe.<\/li><li>Logowanie si\u0119 na Konto odbywa si\u0119 poprzez podanie loginu i has\u0142a ustanowionych w Formularzu rejestracji.<\/li><li>Klient ma mo\u017cliwo\u015b\u0107 w ka\u017cdej chwili, bez podania przyczyny i bez ponoszenia z tego tytu\u0142u jakichkolwiek op\u0142at usun\u0105\u0107 Konto poprzez wys\u0142anie stosownego \u017c\u0105dania do Sprzedawcy, w szczeg\u00f3lno\u015bci za po\u015brednictwem poczty elektronicznej lub pisemnie na adresy podane w \u00a7 3.<\/li><\/ol>\n\n\n\n<h3 class=\"wp-block-heading\"><strong>\u00a77<\/strong><\/h3>\n\n\n\n<h3 class=\"wp-block-heading\"><strong>Zasady sk\u0142adania Zam\u00f3wienia<\/strong><\/h3>\n\n\n\n<p>W celu z\u0142o\u017cenia Zam\u00f3wienia nale\u017cy:<\/p>\n\n\n\n<ol class=\"wp-block-list\"><li>zalogowa\u0107 si\u0119 do Sklepu (opcjonalnie);<\/li><li>wybra\u0107 Produkt b\u0119d\u0105cy przedmiotem Zam\u00f3wienia, a nast\u0119pnie klikn\u0105\u0107 przycisk \u201ezarezerwuj\u201d (lub r\u00f3wnoznaczny);<\/li><li>zalogowa\u0107 si\u0119 lub skorzysta\u0107 z mo\u017cliwo\u015bci z\u0142o\u017cenia Zam\u00f3wienia bez rejestracji;<\/li><li>je\u017celi wybrano mo\u017cliwo\u015b\u0107 z\u0142o\u017cenia Zam\u00f3wienia bez rejestracji \u2013 wype\u0142ni\u0107 Formularz zam\u00f3wienia poprzez wpisanie danych odbiorcy Zam\u00f3wienia oraz adresu, na kt\u00f3ry ma nast\u0105pi\u0107 dostawa Produktu, wybra\u0107 rodzaj przesy\u0142ki (spos\u00f3b dostarczenia Produktu), wpisa\u0107 dane do faktury, je\u015bli s\u0105 inne ni\u017c dane odbiorcy Zam\u00f3wienia,<\/li><li>klikn\u0105\u0107 przycisk \u201cZamawiam i p\u0142ac\u0119\u201d\/klikn\u0105\u0107 przycisk \u201cZamawiam i p\u0142ac\u0119\u201d oraz potwierdzi\u0107 zam\u00f3wienie, klikaj\u0105c w link przes\u0142any w wiadomo\u015bci e-mail,<\/li><li>wybra\u0107 jeden z dost\u0119pnych sposob\u00f3w p\u0142atno\u015bci i w zale\u017cno\u015bci od sposobu p\u0142atno\u015bci, op\u0142aci\u0107 zam\u00f3wienie w okre\u015blonym terminie, z zastrze\u017ceniem \u00a7 8 pkt 3.<\/li><\/ol>\n\n\n\n<h3 class=\"wp-block-heading\"><strong>\u00a78<\/strong><\/h3>\n\n\n\n<h3 class=\"wp-block-heading\"><strong>Oferowane metody dostawy oraz p\u0142atno\u015bci<\/strong><\/h3>\n\n\n\n<ol class=\"wp-block-list\"><li>Klient mo\u017ce skorzysta\u0107 z nast\u0119puj\u0105cych metod dostawy lub odbioru zam\u00f3wionego Produktu:<\/li><\/ol>\n\n\n\n<ul class=\"wp-block-list\"><li>Po\u0142\u0105cznie z wykorzystaniem aplikacji ZOOM (https:\/\/zoom.us\/)<\/li><\/ul>\n\n\n\n<ul class=\"wp-block-list\"><li>Po\u0142\u0105czenie z wykorzytaniem odno\u015bnika url, wys\u0142anego na adres email zamawiaj\u0105cego.<\/li><\/ul>\n\n\n\n<ol class=\"wp-block-list\"><li>Klient mo\u017ce skorzysta\u0107 z nast\u0119puj\u0105cych metod p\u0142atno\u015bci:<\/li><\/ol>\n\n\n\n<ul class=\"wp-block-list\"><li>P\u0142atno\u015b\u0107 przelewem na konto Sprzedawcy<\/li><li>P\u0142atno\u015bci elektroniczne<\/li><li>P\u0142atno\u015bci elektroniczne s\u0105 obs\u0142ugiwane przez PayPro S. A.&nbsp;<strong>Przelewy24<\/strong><\/li><\/ul>\n\n\n\n<h3 class=\"wp-block-heading\"><strong>\u00a79<\/strong><\/h3>\n\n\n\n<h3 class=\"wp-block-heading\"><strong>Wykonanie umowy sprzeda\u017cy<\/strong><\/h3>\n\n\n\n<ol class=\"wp-block-list\"><li>Zawarcie Umowy Sprzeda\u017cy mi\u0119dzy Klientem, a Sprzedawc\u0105 nast\u0119puje po uprzednim z\u0142o\u017ceniu przez Klienta Zam\u00f3wienia za pomoc\u0105 Formularza zam\u00f3wienia w Sklepie internetowym zgodnie z \u00a7 7 Regulaminu.<\/li><li>Po z\u0142o\u017ceniu Zam\u00f3wienia Sprzedawca niezw\u0142ocznie potwierdza jego otrzymanie oraz jednocze\u015bnie przyjmuje Zam\u00f3wienie do realizacji. Potwierdzenie otrzymania Zam\u00f3wienia i jego przyj\u0119cie do realizacji nast\u0119puje poprzez przes\u0142anie przez Sprzedawc\u0119 Klientowi stosownej wiadomo\u015bci e-mail na podany w trakcie sk\u0142adania Zam\u00f3wienia adres poczty elektronicznej Klienta, kt\u00f3ra zawiera co najmniej o\u015bwiadczenia Sprzedawcy o otrzymaniu Zam\u00f3wienia i o jego przyj\u0119ciu do realizacji oraz potwierdzenie zawarcia Umowy Sprzeda\u017cy. Z chwil\u0105 otrzymania przez Klienta powy\u017cszej wiadomo\u015bci e-mail zostaje zawarta Umowa Sprzeda\u017cy mi\u0119dzy Klientem a Sprzedawc\u0105.<\/li><\/ol>\n\n\n\n<h2 class=\"wp-block-heading\">Zwroty i reklamacje<\/h2>\n\n\n\n<h2 class=\"wp-block-heading\">Odst\u0105pienie od umowy<\/h2>\n\n\n\n<p>Je\u015bli jeste\u015b konsumentem \u2013 co do zasady przys\u0142uguje Ci&nbsp;<strong>prawo do odst\u0105pienia od zawartej na odleg\u0142o\u015b\u0107 umowy<\/strong>.<\/p>\n\n\n\n<p>Od umowy mo\u017cesz odst\u0105pi\u0107, sk\u0142adaj\u0105c nam&nbsp;<strong>o\u015bwiadczenie o odst\u0105pieniu od umowy<\/strong>&nbsp;np. poprzez wiadomo\u015b\u0107 e-mail przes\u0142an\u0105 na adres:&nbsp;<strong>kontakt@excelmed.pl<\/strong><\/p>\n\n\n\n<p>Od umowy mo\u017cesz odst\u0105pi\u0107 w terminie&nbsp;<strong>14 dni<\/strong>.<\/p>\n\n\n\n<p>Bieg czternastodniowego terminu na odst\u0105pienie od umowy rozpoczyna si\u0119:<\/p>\n\n\n\n<ul class=\"wp-block-list\"><li>dla umowy, w kt\u00f3rej wydajemy rzecz, b\u0119d\u0105c zobowi\u0105zanymi do przeniesienia jej w\u0142asno\u015bci \u2013&nbsp;<strong>od obj\u0119cia rzeczy w posiadanie przez Ciebie<\/strong>&nbsp;lub wskazan\u0105 przez Ciebie osob\u0119 trzeci\u0105 inn\u0105 ni\u017c przewo\u017anik,<\/li><li>dla tre\u015bci cyfrowych \u2013 od dnia zawarcia umowy.<\/li><\/ul>\n\n\n\n<p>Do zachowania terminu wystarczy wys\u0142anie o\u015bwiadczenia przed jego up\u0142ywem.<\/p>\n\n\n\n<p><strong>Zwracan\u0105 rzecz zwr\u00f3\u0107 do nas niezw\u0142ocznie na adres: <\/strong> <strong>ul. Miko\u0142aja Kopernika, 70-241 Szczecin<\/strong>, jednak nie p\u00f3\u017aniej ni\u017c w terminie 14 dni od dnia, w kt\u00f3rym odst\u0105pi\u0142e\u015b od umowy.<\/p>\n\n\n\n<p>Dokonane przez Ciebie p\u0142atno\u015bci, w tym koszty dostarczenia rzeczy na zasadach wskazanych w regulaminie zwr\u00f3cimy Ci niezw\u0142ocznie, jednak nie p\u00f3\u017aniej ni\u017c w terminie 14 dni od dnia otrzymania od Ciebie o\u015bwiadczenia o odst\u0105pieniu od umowy.<\/p>\n\n\n\n<p>Mo\u017cemy wstrzyma\u0107 si\u0119 ze zwrotem otrzymanej od Ciebie p\u0142atno\u015bci do chwili otrzymania rzeczy z powrotem lub dostarczenia przez Ciebie dowodu jej odes\u0142ania, w zale\u017cno\u015bci od tego, kt\u00f3re zdarzenie nast\u0105pi wcze\u015bniej.<\/p>\n\n\n\n<p><strong>Pami\u0119taj, \u017ce prawo odst\u0105pienia od umowy zawartej na odleg\u0142o\u015b\u0107 nie przys\u0142uguje konsumentowi m.in. w odniesieniu do umowy:<\/strong><\/p>\n\n\n\n<ul class=\"wp-block-list\"><li>w kt\u00f3rej przedmiotem \u015bwiadczenia jest&nbsp;<strong>rzecz nieprefabrykowana, wyprodukowana wed\u0142ug specyfikacji konsumenta<\/strong>&nbsp;lub&nbsp;<strong>s\u0142u\u017c\u0105ca zaspokojeniu jego zindywidualizowanych potrzeb<\/strong>,<\/li><li>w kt\u00f3rej przedmiotem \u015bwiadczenia jest&nbsp;<strong>rzecz ulegaj\u0105ca szybkiemu zepsuciu<\/strong>&nbsp;lub maj\u0105ca kr\u00f3tki termin przydatno\u015bci do u\u017cycia,<\/li><li>w kt\u00f3rej przedmiotem \u015bwiadczenia jest rzecz dostarczana w zapiecz\u0119towanym opakowaniu, kt\u00f3rej&nbsp;<strong>po otwarciu opakowania nie mo\u017cna zwr\u00f3ci\u0107 ze wzgl\u0119du na ochron\u0119 zdrowia lub ze wzgl\u0119d\u00f3w higienicznych<\/strong>, je\u017celi opakowanie zosta\u0142o otwarte po dostarczeniu,<\/li><li>w kt\u00f3rej przedmiotem \u015bwiadczenia s\u0105&nbsp;<strong>nagrania d\u017awi\u0119kowe lub wizualne albo programy komputerowe dostarczane w zapiecz\u0119towanym opakowaniu<\/strong>, je\u017celi opakowanie zosta\u0142o otwarte po dostarczeniu<\/li><li><strong>o dostarczanie tre\u015bci cyfrowych, kt\u00f3re nie s\u0105 zapisane na no\u015bniku materialnym<\/strong>, je\u017celi spe\u0142nianie \u015bwiadczenia rozpocz\u0119\u0142o si\u0119 za wyra\u017an\u0105 zgod\u0105 konsumenta przed up\u0142ywem terminu do odst\u0105pienia od umowy i po poinformowaniu go przez przedsi\u0119biorc\u0119 o utracie prawa odst\u0105pienia od umowy.<\/li><\/ul>\n\n\n\n<p>Szczeg\u00f3\u0142owe informacje na temat odst\u0105pienia od umowy znajdziesz w naszym Regulaminie sprzeda\u017cy.<\/p>\n\n\n\n<h2 class=\"wp-block-heading\">Reklamacje<\/h2>\n\n\n\n<p>W przypadku gdy zakupiony u nas towar oka\u017ce si\u0119 wadliwy, masz prawo reklamowa\u0107 go w oparciu o r\u0119kojmi\u0119. Reklamacj\u0119 najlepiej z\u0142o\u017cy\u0107 na adres e-mail&nbsp;<strong>kontakt@excelmed.pl<\/strong>&nbsp;lub drog\u0105 pocztow\u0105 na adres ul. Miko\u0142aja Kopernika, 70-241 Szczecin .<\/p>\n\n\n\n<p>Je\u015bli nie jeste\u015b konsumentem, odpowiadamy wobec Ciebie tylko do wysoko\u015bci z\u0142o\u017conego przez Ciebie zam\u00f3wienia, w ci\u0105gu roku od wydania towaru. Poni\u017csze postanowienia maj\u0105 zastosowanie do konsument\u00f3w.<\/p>\n\n\n\n<p>W zwi\u0105zku z wad\u0105 mo\u017cesz \u017c\u0105da\u0107:<\/p>\n\n\n\n<ul class=\"wp-block-list\"><li><strong>w<\/strong>ymiany rzeczy na woln\u0105 od wad,<\/li><li>usuni\u0119cia wady,<\/li><\/ul>\n\n\n\n<p>lub z\u0142o\u017cy\u0107 o\u015bwiadczenie o:<\/p>\n\n\n\n<ul class=\"wp-block-list\"><li>obni\u017ceniu ceny,<\/li><li>odst\u0105pieniu od umowy \u2013 w przypadku wady istotnej.<\/li><\/ul>\n\n\n\n<p>Odpowiadamy wzgl\u0119dem Ciebie za wady stwierdzone przed up\u0142ywem dw\u00f3ch lat od dnia wydania rzeczy.<\/p>\n\n\n\n<p>Co do zasady reklamacj\u0119 mo\u017cesz&nbsp;zg\u0142osi\u0107 w ci\u0105gu roku od zauwa\u017cenia wady, ale czas na z\u0142o\u017cenie reklamacji nie mo\u017ce si\u0119 zako\u0144czy\u0107 przed up\u0142ywem okresu odpowiedzialno\u015bci sprzedawcy.<\/p>\n\n\n\n<p>Rozpatrzenie Twojej reklamacji (ustosunkowanie si\u0119 do niej) nast\u0105pi w ci\u0105gu 14 dni od daty otrzymania przez nas Twojego zg\u0142oszenia reklamacyjnego.<\/p>\n\n\n\n<p>Wi\u0119cej informacji na temat reklamacji znajdziesz w naszym Regulaminie sprzeda\u017cy.<\/p>\n\n\n\n<p>Reklamowany towar nale\u017cy wys\u0142a\u0107 na adres: ul. Miko\u0142aja Kopernika, 70-241 Szczecin <\/p>\n","protected":false},"excerpt":{"rendered":"<p>\u00a71 Postanowienia wst\u0119pne Sklep internetowy excelmed.pl, dost\u0119pny pod adresem internetowym excelmed.pl , prowadzony jest Excelmed Sp\u00f3\u0142ka Cywilna Monika R\u0105czkowiak Bartosz<\/p>\n","protected":false},"author":1,"featured_media":0,"parent":0,"menu_order":0,"comment_status":"closed","ping_status":"closed","template":"","meta":{"advgb_blocks_editor_width":"","advgb_blocks_columns_visual_guide":"","footnotes":""},"yst_prominent_words":[1039,1031,1036,1029,1034,1027,1026,1038,1030,1025,1023,1024,1037,1041,1033,1035,1028,1040,1032,1013],"class_list":["post-2905","page","type-page","status-publish","hentry"],"coauthors":[],"author_meta":{"author_link":"https:\/\/excelmed.pl\/en\/author\/admin\/","display_name":"admin"},"relative_dates":{"created":"Posted 5 years ago","modified":"Updated 5 years ago"},"absolute_dates":{"created":"Posted on 16 December 2020","modified":"Updated on 17 December 2020"},"absolute_dates_time":{"created":"Posted on 16 December 2020 00:06","modified":"Updated on 17 December 2020 15:08"},"featured_img_caption":"","featured_img":false,"series_order":"","_links":{"self":[{"href":"https:\/\/excelmed.pl\/en\/wp-json\/wp\/v2\/pages\/2905","targetHints":{"allow":["GET"]}}],"collection":[{"href":"https:\/\/excelmed.pl\/en\/wp-json\/wp\/v2\/pages"}],"about":[{"href":"https:\/\/excelmed.pl\/en\/wp-json\/wp\/v2\/types\/page"}],"author":[{"embeddable":true,"href":"https:\/\/excelmed.pl\/en\/wp-json\/wp\/v2\/users\/1"}],"replies":[{"embeddable":true,"href":"https:\/\/excelmed.pl\/en\/wp-json\/wp\/v2\/comments?post=2905"}],"version-history":[{"count":2,"href":"https:\/\/excelmed.pl\/en\/wp-json\/wp\/v2\/pages\/2905\/revisions"}],"predecessor-version":[{"id":2917,"href":"https:\/\/excelmed.pl\/en\/wp-json\/wp\/v2\/pages\/2905\/revisions\/2917"}],"wp:attachment":[{"href":"https:\/\/excelmed.pl\/en\/wp-json\/wp\/v2\/media?parent=2905"}],"wp:term":[{"taxonomy":"yst_prominent_words","embeddable":true,"href":"https:\/\/excelmed.pl\/en\/wp-json\/wp\/v2\/yst_prominent_words?post=2905"}],"curies":[{"name":"wp","href":"https:\/\/api.w.org\/{rel}","templated":true}]}}