{"id":2902,"date":"2020-12-15T23:40:25","date_gmt":"2020-12-15T22:40:25","guid":{"rendered":"https:\/\/excelmed.pl\/?page_id=2902"},"modified":"2020-12-15T23:40:26","modified_gmt":"2020-12-15T22:40:26","slug":"polityka-prywatnosci","status":"publish","type":"page","link":"https:\/\/excelmed.pl\/en\/polityka-prywatnosci\/","title":{"rendered":"Polityka prywatno\u015bci"},"content":{"rendered":"\n<p>Polityka prywatno\u015bci serwisu www.excelmed.pl<\/p>\n\n\n\n<p>Informacje og\u00f3lne<br>Niniejsza Polityka Prywatno\u015bci okre\u015bla zasady przetwarzania i ochrony danych osobowych przekazanych przez U\u017cytkownik\u00f3w w zwi\u0105zku z korzystaniem przez nich z us\u0142ug strony internetowej www.excelmed.pl.<\/p>\n\n\n\n<p>Administratorem danych osobowych zawartych w serwisie jest  Excelmed Sp\u00f3\u0142ka Cywilna Monika R\u0105czkowiak Bartosz R\u0105czkowiak wpisanego, NIP 8513121173, REGON 320855024.<br>W trosce o bezpiecze\u0144stwo powierzonych nam danych opracowali\u015bmy wewn\u0119trzne procedury i zalecenia, kt\u00f3re maj\u0105 zapobiec udost\u0119pnieniu danych osobom nieupowa\u017cnionym. Kontrolujemy ich wykonywanie i stale sprawdzamy ich zgodno\u015b\u0107 z odpowiednimi aktami prawnymi \u2013 ustaw\u0105 o ochronie danych osobowych, ustaw\u0105 o \u015bwiadczeniu us\u0142ug drog\u0105 elektroniczn\u0105, a tak\u017ce wszelkiego rodzaju aktach wykonawczych i aktach prawa wsp\u00f3lnotowego.<br>Dane Osobowe przetwarzane s\u0105 na podstawie zgody wyra\u017canej przez U\u017cytkownika oraz w przypadkach, w kt\u00f3rych przepisy prawa upowa\u017cniaj\u0105 Administratora do przetwarzania danych osobowych na podstawie przepis\u00f3w prawa lub w celu realizacji zawartej pomi\u0119dzy stronami umowy.<br>Serwis realizuje funkcje pozyskiwania informacji o u\u017cytkownikach i ich zachowaniach w nast\u0119puj\u0105cy spos\u00f3b:<br>poprzez dobrowolnie wprowadzone w formularzach informacje<br>poprzez gromadzenie plik\u00f3w \u201ccookies\u201d.<br>Serwis zbiera informacje dobrowolnie podane przez u\u017cytkownika.<br>dane podane w formularzu s\u0105 przetwarzane w celu wynikaj\u0105cym z funkcji konkretnego formularza np. w celu dokonania procesu obs\u0142ugi kontaktu informacyjnego<br>Dane osobowe pozostawione w serwisie nie zostan\u0105 sprzedane ani udost\u0119pnione osobom trzecim, zgodnie z przepisami Ustawy o ochronie danych osobowych.<br>Do danych zawartych w formularzu przys\u0142uguje wgl\u0105d osobie fizycznej, kt\u00f3ra je tam umie\u015bci\u0142a. Osoba ta ma r\u00f3wnie\u017c praw do modyfikacji i zaprzestania przetwarzania swoich danych w dowolnym momencie.<br>Zastrzegamy sobie prawo do zmiany w polityce ochrony prywatno\u015bci serwisu, na kt\u00f3re mo\u017ce wp\u0142yn\u0105\u0107 rozw\u00f3j technologii internetowej, ewentualne zmiany prawa w zakresie ochrony danych osobowych oraz rozw\u00f3j naszego serwisu internetowego. O wszelkich zmianach b\u0119dziemy informowa\u0107 w spos\u00f3b widoczny i zrozumia\u0142y.<br>W Serwisie mog\u0105 pojawia\u0107 si\u0119 linki do innych stron internetowych. Takie strony internetowe dzia\u0142aj\u0105 niezale\u017cnie od Serwisu i nie s\u0105 w \u017caden spos\u00f3b nadzorowane przez serwis www.ekosmetyczne.pl. Strony te mog\u0105 posiada\u0107 w\u0142asne polityki dotycz\u0105ce prywatno\u015bci oraz regulaminy, z kt\u00f3rymi zalecamy si\u0119 zapozna\u0107.<br>W razie w\u0105tpliwo\u015bci co kt\u00f3regokolwiek z zapis\u00f3w niniejszej polityki prywatno\u015bci jeste\u015bmy do dyspozycji \u2013 nasze dane znale\u017a\u0107 mo\u017cna w zak\u0142adce \u2013 KONTAKT.<\/p>\n","protected":false},"excerpt":{"rendered":"<p>Polityka prywatno\u015bci serwisu www.excelmed.pl Informacje og\u00f3lneNiniejsza Polityka Prywatno\u015bci okre\u015bla zasady przetwarzania i ochrony danych osobowych przekazanych przez U\u017cytkownik\u00f3w w zwi\u0105zku<\/p>\n","protected":false},"author":1,"featured_media":0,"parent":0,"menu_order":0,"comment_status":"closed","ping_status":"closed","template":"","meta":{"advgb_blocks_editor_width":"","advgb_blocks_columns_visual_guide":"","footnotes":""},"yst_prominent_words":[95,996,991,986,983,998,990,985,1000,989,984,992,987,995,993,988,999,1001,994,1002],"class_list":["post-2902","page","type-page","status-publish","hentry"],"coauthors":[],"author_meta":{"author_link":"https:\/\/excelmed.pl\/en\/author\/admin\/","display_name":"admin"},"relative_dates":{"created":"Posted 5 years ago","modified":"Updated 5 years ago"},"absolute_dates":{"created":"Posted on 15 December 2020","modified":"Updated on 15 December 2020"},"absolute_dates_time":{"created":"Posted on 15 December 2020 23:40","modified":"Updated on 15 December 2020 23:40"},"featured_img_caption":"","featured_img":false,"series_order":"","_links":{"self":[{"href":"https:\/\/excelmed.pl\/en\/wp-json\/wp\/v2\/pages\/2902","targetHints":{"allow":["GET"]}}],"collection":[{"href":"https:\/\/excelmed.pl\/en\/wp-json\/wp\/v2\/pages"}],"about":[{"href":"https:\/\/excelmed.pl\/en\/wp-json\/wp\/v2\/types\/page"}],"author":[{"embeddable":true,"href":"https:\/\/excelmed.pl\/en\/wp-json\/wp\/v2\/users\/1"}],"replies":[{"embeddable":true,"href":"https:\/\/excelmed.pl\/en\/wp-json\/wp\/v2\/comments?post=2902"}],"version-history":[{"count":1,"href":"https:\/\/excelmed.pl\/en\/wp-json\/wp\/v2\/pages\/2902\/revisions"}],"predecessor-version":[{"id":2904,"href":"https:\/\/excelmed.pl\/en\/wp-json\/wp\/v2\/pages\/2902\/revisions\/2904"}],"wp:attachment":[{"href":"https:\/\/excelmed.pl\/en\/wp-json\/wp\/v2\/media?parent=2902"}],"wp:term":[{"taxonomy":"yst_prominent_words","embeddable":true,"href":"https:\/\/excelmed.pl\/en\/wp-json\/wp\/v2\/yst_prominent_words?post=2902"}],"curies":[{"name":"wp","href":"https:\/\/api.w.org\/{rel}","templated":true}]}}