{"id":1593,"date":"2020-04-24T21:46:05","date_gmt":"2020-04-24T21:46:05","guid":{"rendered":"https:\/\/excelmed.pl\/?page_id=1593"},"modified":"2021-01-29T15:21:33","modified_gmt":"2021-01-29T14:21:33","slug":"mediraty","status":"publish","type":"page","link":"https:\/\/excelmed.pl\/en\/mediraty\/","title":{"rendered":"MediRaty z ExcelMed"},"content":{"rendered":"\n<div class=\"wp-block-image\"><figure class=\"aligncenter size-large\"><img loading=\"lazy\" decoding=\"async\" width=\"700\" height=\"223\" src=\"https:\/\/excelmed.pl\/wp-content\/uploads\/2020\/04\/mediraty_finansowanie_logo_h.jpg\" alt=\"\" class=\"wp-image-1630\" srcset=\"https:\/\/excelmed.pl\/wp-content\/uploads\/2020\/04\/mediraty_finansowanie_logo_h.jpg 700w, https:\/\/excelmed.pl\/wp-content\/uploads\/2020\/04\/mediraty_finansowanie_logo_h-600x191.jpg 600w\" sizes=\"auto, (max-width: 700px) 100vw, 700px\" \/><\/figure><\/div>\n\n\n\n<h3 class=\"has-text-align-center wp-block-heading\">Ciesz si\u0119 efektem zabieg\u00f3w ju\u017c dzi\u015b, <\/h3>\n\n\n\n<h4 class=\"has-text-align-center margin-bottom-50 wp-block-heading\">a za wszystko zap\u0142a\u0107 w dogodnych ratach<\/h4>\n\n\n\n<div class=\"wp-block-media-text alignwide is-stacked-on-mobile is-vertically-aligned-center margin-bottom-70\" style=\"grid-template-columns:38% auto\"><figure class=\"wp-block-media-text__media\"><img loading=\"lazy\" decoding=\"async\" width=\"395\" height=\"247\" src=\"https:\/\/excelmed.pl\/wp-content\/uploads\/2020\/04\/mediraty-szczecin-excelmed.png\" alt=\"\" class=\"wp-image-1596 size-full\"\/><\/figure><div class=\"wp-block-media-text__content\">\n<p><strong>Szanowny Pacjencie,<\/strong><\/p>\n\n\n\n<p>Informujemy, \u017ce ze wszystkich us\u0142ug kliniki <strong>ExcelMed<\/strong> mo\u017cesz korzysta\u0107 bez anga\u017cowania w\u0142asnych \u015brodk\u00f3w i op\u0142aci\u0107 koszty w ratach.<br>Gdy koszty zabieg\u00f3w przestaj\u0105 by\u0107 barier\u0105, \u0142atwiej jest zoptymalizowa\u0107 plan leczenia.<\/p>\n\n\n\n<p><\/p>\n<\/div><\/div>\n\n\n\n<p><\/p>\n\n\n\n<p>Klinika Excelmed wsp\u00f3\u0142pracuje z firm\u0105 MediRaty, oferuj\u0105c\u0105 og\u00f3lnie dost\u0119pny system finansowania us\u0142ug medycznych, kt\u00f3ry u\u0142atwia realizacj\u0119 optymalnego planu leczenia i dost\u0119p do wielu procedur medycznych.<\/p>\n\n\n\n<p>Um\u00f3w si\u0119 w Excelmed na wizyt\u0119 diagnostyczn\u0105 w celu ustalenia planu leczenia, a na miejscu skontaktujmy si\u0119 z konsultantem MediRat w celu dobrania optymalnego dla Ciebie rozwi\u0105zania. <\/p>\n\n\n\n<p class=\"margin-bottom-70\">W celu uzyskania wi\u0119cej informacji skontaktuj si\u0119 z nasz\u0105 Rejestracj\u0105 telefonicznie przez numer 91 422 11 00, napisz email na adres rejestracja@excelmed.pl lub skontaktuj si\u0119 przez Messenger\u2019a.<\/p>\n\n\n\n<h3 class=\"has-text-align-center wp-block-heading\">Sprawd\u017a jak w 3 krokach dzia\u0142a system MediRaty<\/h3>\n\n\n\n<iframe loading=\"lazy\" src=\"https:\/\/www.mediraty.pl\/kalkulator\/kalk_d_nowy.php?klinikain=3425\" width=\"100%\" height=\"400px\" scrolling=\"no\" frameborder=\"0\" class=\"only-desktop\"><\/iframe>\n<iframe loading=\"lazy\" src=\"https:\/\/www.mediraty.pl\/kalkulator\/kalk_m_nowy.php?klinikain=3425\" width=\"100%\" height=\"350\" scrolling=\"no\" frameborder=\"0\" class=\"only-mobile\"><\/iframe>\n\n\n","protected":false},"excerpt":{"rendered":"<p>Ciesz si\u0119 efektem zabieg\u00f3w ju\u017c dzi\u015b, a za wszystko zap\u0142a\u0107 w dogodnych ratach Szanowny Pacjencie, Informujemy, \u017ce ze wszystkich us\u0142ug<\/p>\n","protected":false},"author":1,"featured_media":0,"parent":0,"menu_order":0,"comment_status":"closed","ping_status":"closed","template":"","meta":{"advgb_blocks_editor_width":"","advgb_blocks_columns_visual_guide":"","footnotes":""},"yst_prominent_words":[95,174,270,180,265,266,272,273,271,268,274,275,269,93],"class_list":["post-1593","page","type-page","status-publish","hentry"],"coauthors":[],"author_meta":{"author_link":"https:\/\/excelmed.pl\/en\/author\/admin\/","display_name":"admin"},"relative_dates":{"created":"Posted 6 years ago","modified":"Updated 5 years ago"},"absolute_dates":{"created":"Posted on 24 April 2020","modified":"Updated on 29 January 2021"},"absolute_dates_time":{"created":"Posted on 24 April 2020 21:46","modified":"Updated on 29 January 2021 15:21"},"featured_img_caption":"","featured_img":false,"series_order":"","_links":{"self":[{"href":"https:\/\/excelmed.pl\/en\/wp-json\/wp\/v2\/pages\/1593","targetHints":{"allow":["GET"]}}],"collection":[{"href":"https:\/\/excelmed.pl\/en\/wp-json\/wp\/v2\/pages"}],"about":[{"href":"https:\/\/excelmed.pl\/en\/wp-json\/wp\/v2\/types\/page"}],"author":[{"embeddable":true,"href":"https:\/\/excelmed.pl\/en\/wp-json\/wp\/v2\/users\/1"}],"replies":[{"embeddable":true,"href":"https:\/\/excelmed.pl\/en\/wp-json\/wp\/v2\/comments?post=1593"}],"version-history":[{"count":20,"href":"https:\/\/excelmed.pl\/en\/wp-json\/wp\/v2\/pages\/1593\/revisions"}],"predecessor-version":[{"id":3060,"href":"https:\/\/excelmed.pl\/en\/wp-json\/wp\/v2\/pages\/1593\/revisions\/3060"}],"wp:attachment":[{"href":"https:\/\/excelmed.pl\/en\/wp-json\/wp\/v2\/media?parent=1593"}],"wp:term":[{"taxonomy":"yst_prominent_words","embeddable":true,"href":"https:\/\/excelmed.pl\/en\/wp-json\/wp\/v2\/yst_prominent_words?post=1593"}],"curies":[{"name":"wp","href":"https:\/\/api.w.org\/{rel}","templated":true}]}}