{"id":1338,"date":"2020-04-05T02:07:42","date_gmt":"2020-04-05T02:07:42","guid":{"rendered":"https:\/\/excelmed.pl\/?page_id=1338"},"modified":"2020-04-05T02:07:42","modified_gmt":"2020-04-05T02:07:42","slug":"instytut-fibryny-i-osocza-bogatoplytkowego-excelmed-en","status":"publish","type":"page","link":"https:\/\/excelmed.pl\/en\/instytut-fibryny-i-osocza-bogatoplytkowego-excelmed-en\/","title":{"rendered":"Instytut fibryny i osocza bogatop\u0142ytkowego ExcelMed en"},"content":{"rendered":"\n<div class=\"wp-block-columns are-vertically-aligned-center left-image-content is-layout-flex wp-container-core-columns-is-layout-9d6595d7 wp-block-columns-is-layout-flex\">\n<div class=\"wp-block-column is-vertically-aligned-center image-col is-layout-flow wp-block-column-is-layout-flow\">\n<figure class=\"wp-block-image size-large\"><img loading=\"lazy\" decoding=\"async\" width=\"600\" height=\"600\" src=\"https:\/\/excelmed.pl\/wp-content\/uploads\/2020\/04\/excelmed-szczecin.jpg\" alt=\"\" class=\"wp-image-1167\" srcset=\"https:\/\/excelmed.pl\/wp-content\/uploads\/2020\/04\/excelmed-szczecin.jpg 600w, https:\/\/excelmed.pl\/wp-content\/uploads\/2020\/04\/excelmed-szczecin-300x300.jpg 300w, https:\/\/excelmed.pl\/wp-content\/uploads\/2020\/04\/excelmed-szczecin-100x100.jpg 100w\" sizes=\"auto, (max-width: 600px) 100vw, 600px\" \/><\/figure>\n<\/div>\n\n\n\n<div class=\"wp-block-column is-vertically-aligned-center text-col is-layout-flow wp-block-column-is-layout-flow\">\n<h2 class=\"wp-block-heading\">Poczuj moc zabieg\u00f3w z fibryn\u0105 i osoczem na w\u0142asnej sk\u00f3rze<\/h2>\n\n\n\n<p>Instytut fibryny i osocza bogatop\u0142ytowego to miejsce, w kt\u00f3rym wykorzystujemy wyj\u0105tkowe w\u0142a\u015bciwo\u015bci materia\u0142\u00f3w autologicznych pacjenta do g\u0142\u0119bokiej i niezwykle intensywnej regeneracji sk\u00f3ry czy redukcji zmarszczek.<\/p>\n\n\n\n<p>Zabieg z wykorzystaniem fibryny i osocza bogatop\u0142ytkowego jest nie tylko bardzo skuteczny w powstrzymaniu proces\u00f3w starzeniowych, ale przede wszystkim naturalny i w pe\u0142ni bezpieczny. Do zabiegu wykorzystywana jest fibryna i osocze, pochodz\u0105ce z w\u0142asnej krwi pacjenta. Daje nam to ca\u0142kowit\u0105 biozgodno\u015b\u0107 i wyklucza mo\u017cliwo\u015b\u0107 wyst\u0105pienia uczulenia. <\/p>\n<\/div>\n<\/div>\n\n\n\n<div class=\"wp-block-columns is-layout-flex wp-container-core-columns-is-layout-9d6595d7 wp-block-columns-is-layout-flex\">\n<div class=\"wp-block-column is-layout-flow wp-block-column-is-layout-flow\">\n<h3 class=\"wp-block-heading\">Pe\u0142na biozgodno\u015b\u0107<\/h3>\n\n\n\n<p>Zar\u00f3wno fibryna, jak i osocze s\u0105 produktami w pe\u0142ni naturalnymi i biozgodnymi, kt\u00f3re powsta\u0142y w skutek odwirowania krwi pacjenta w wir\u00f3wce. Ich pe\u0142na biozgodno\u015b\u0107 oraz wysoka koncentracja sk\u0142adnik\u00f3w aktywnych, zapewnia niezwyk\u0142e silny bodziec dla sk\u00f3ry do rozpocz\u0119cia proces\u00f3w naprawczych.<\/p>\n<\/div>\n\n\n\n<div class=\"wp-block-column is-layout-flow wp-block-column-is-layout-flow\">\n<h3 class=\"wp-block-heading\">D\u0142ugotrwa\u0142e dzia\u0142anie<\/h3>\n\n\n\n<p>Osocze bogatop\u0142ytkowe i fibryna pozwalaj\u0105 sterowa\u0107 szybko\u015bci\u0105 zachodz\u0105cych w organizmie proces\u00f3w regeneracyjnych. Zabiegi z wykorzystaniem osocza bogatop\u0142ytowego idealnie sprawdzaj\u0105 si\u0119 w odm\u0142odzeniu sk\u00f3ry, gdzie substancje aktywne s\u0105 uwalniane bardzo szybko. Natomiast fibryna z uwagi na zamkni\u0119cie p\u0142ytek krwi w tr\u00f3jwymiarowej strukturze, pozwala wyd\u0142u\u017cy\u0107 sam proces regeneracji. Pozwala to na d\u0142ugotrwa\u0142\u0105 i r\u00f3wnomiern\u0105 stymulacj\u0119 tkanek do rozpocz\u0119cia proces\u00f3w naprawczych.<\/p>\n<\/div>\n\n\n\n<div class=\"wp-block-column is-layout-flow wp-block-column-is-layout-flow\">\n<h3 class=\"wp-block-heading\">Efekt synergii<\/h3>\n\n\n\n<p>Po\u0142\u0105czenie w\u0142a\u015bciwo\u015bci obu preparat\u00f3w podczas jednego zabiegu pozwala osi\u0105gn\u0105\u0107 efekt synergii i jeszcze mocniej wp\u0142yn\u0105\u0107 na intensywno\u015b\u0107 oraz czas trwania proces\u00f3w regeneracyjnych.<\/p>\n\n\n\n<p>Po\u0142\u0105czenie w\u0142a\u015bciwo\u015bci osocza bogatop\u0142ytkowego i fibryny to kompleksowa regeneracja na wielu p\u0142aszczyznach<\/p>\n<\/div>\n<\/div>\n\n\n\n<h3 class=\"wp-block-heading\">Efekty zabieg\u00f3w z wykorzystaniem fibryny i osocza\nbogatop\u0142ytkowego<\/h3>\n\n\n\n<ul class=\"wp-block-list\"><li>wyg\u0142adzenie zmarszczek,<\/li><li>rewitalizacja sk\u00f3ry,<\/li><li>g\u0142\u0119bokie nawil\u017cenie oraz od\u017cywienie,<\/li><li>poprawa jako\u015bci i g\u0119sto\u015bci sk\u00f3ry,<\/li><li>ujednolicenie kolorytu sk\u00f3ry,<\/li><li>przyspieszenie proces\u00f3w regeneracyjnych.<\/li><\/ul>\n","protected":false},"excerpt":{"rendered":"<p>Pe\u0142na biozgodno\u015b\u0107 Zar\u00f3wno fibryna, jak i osocze s\u0105 produktami w pe\u0142ni naturalnymi i biozgodnymi, kt\u00f3re powsta\u0142y w skutek odwirowania krwi<\/p>\n","protected":false},"author":1,"featured_media":0,"parent":0,"menu_order":0,"comment_status":"closed","ping_status":"closed","template":"","meta":{"advgb_blocks_editor_width":"","advgb_blocks_columns_visual_guide":"","footnotes":""},"yst_prominent_words":[],"class_list":["post-1338","page","type-page","status-publish","hentry"],"coauthors":[],"author_meta":{"author_link":"https:\/\/excelmed.pl\/en\/author\/admin\/","display_name":"admin"},"relative_dates":{"created":"Posted 6 years ago","modified":"Updated 6 years ago"},"absolute_dates":{"created":"Posted on 5 April 2020","modified":"Updated on 5 April 2020"},"absolute_dates_time":{"created":"Posted on 5 April 2020 02:07","modified":"Updated on 5 April 2020 02:07"},"featured_img_caption":"","featured_img":false,"series_order":"","_links":{"self":[{"href":"https:\/\/excelmed.pl\/en\/wp-json\/wp\/v2\/pages\/1338","targetHints":{"allow":["GET"]}}],"collection":[{"href":"https:\/\/excelmed.pl\/en\/wp-json\/wp\/v2\/pages"}],"about":[{"href":"https:\/\/excelmed.pl\/en\/wp-json\/wp\/v2\/types\/page"}],"author":[{"embeddable":true,"href":"https:\/\/excelmed.pl\/en\/wp-json\/wp\/v2\/users\/1"}],"replies":[{"embeddable":true,"href":"https:\/\/excelmed.pl\/en\/wp-json\/wp\/v2\/comments?post=1338"}],"version-history":[{"count":1,"href":"https:\/\/excelmed.pl\/en\/wp-json\/wp\/v2\/pages\/1338\/revisions"}],"predecessor-version":[{"id":1340,"href":"https:\/\/excelmed.pl\/en\/wp-json\/wp\/v2\/pages\/1338\/revisions\/1340"}],"wp:attachment":[{"href":"https:\/\/excelmed.pl\/en\/wp-json\/wp\/v2\/media?parent=1338"}],"wp:term":[{"taxonomy":"yst_prominent_words","embeddable":true,"href":"https:\/\/excelmed.pl\/en\/wp-json\/wp\/v2\/yst_prominent_words?post=1338"}],"curies":[{"name":"wp","href":"https:\/\/api.w.org\/{rel}","templated":true}]}}