{"id":1204,"date":"2020-02-12T21:24:50","date_gmt":"2020-02-12T21:24:50","guid":{"rendered":"https:\/\/excelmed.pl\/o-nas\/"},"modified":"2020-04-05T03:03:59","modified_gmt":"2020-04-05T03:03:59","slug":"about","status":"publish","type":"page","link":"https:\/\/excelmed.pl\/en\/about\/","title":{"rendered":"About"},"content":{"rendered":"\n<div class=\"wp-block-columns are-vertically-aligned-center left-image-content is-layout-flex wp-container-core-columns-is-layout-9d6595d7 wp-block-columns-is-layout-flex\">\n<div class=\"wp-block-column is-vertically-aligned-center image-col is-layout-flow wp-block-column-is-layout-flow\">\n<figure class=\"wp-block-image size-large\"><img loading=\"lazy\" decoding=\"async\" width=\"600\" height=\"600\" src=\"https:\/\/excelmed.pl\/wp-content\/uploads\/2020\/04\/excelmed-szczecin.jpg\" alt=\"\" class=\"wp-image-1167\" srcset=\"https:\/\/excelmed.pl\/wp-content\/uploads\/2020\/04\/excelmed-szczecin.jpg 600w, https:\/\/excelmed.pl\/wp-content\/uploads\/2020\/04\/excelmed-szczecin-300x300.jpg 300w, https:\/\/excelmed.pl\/wp-content\/uploads\/2020\/04\/excelmed-szczecin-100x100.jpg 100w\" sizes=\"auto, (max-width: 600px) 100vw, 600px\" \/><\/figure>\n<\/div>\n\n\n\n<div class=\"wp-block-column is-vertically-aligned-center text-col is-layout-flow wp-block-column-is-layout-flow\">\n<h2 class=\"wp-block-heading\">Poczuj moc zabieg\u00f3w z fibryn\u0105 i osoczem na w\u0142asnej sk\u00f3rze<\/h2>\n\n\n\n<p>Instytut fibryny i osocza bogatop\u0142ytowego to miejsce, w kt\u00f3rym wykorzystujemy wyj\u0105tkowe w\u0142a\u015bciwo\u015bci materia\u0142\u00f3w autologicznych pacjenta do g\u0142\u0119bokiej i niezwykle intensywnej regeneracji sk\u00f3ry czy redukcji zmarszczek.<\/p>\n\n\n\n<p>Zabieg z wykorzystaniem fibryny i osocza bogatop\u0142ytkowego jest nie tylko bardzo skuteczny w powstrzymaniu proces\u00f3w starzeniowych, ale przede wszystkim naturalny i w pe\u0142ni bezpieczny. Do zabiegu wykorzystywana jest fibryna i osocze, pochodz\u0105ce z w\u0142asnej krwi pacjenta. Daje nam to ca\u0142kowit\u0105 biozgodno\u015b\u0107 i wyklucza mo\u017cliwo\u015b\u0107 wyst\u0105pienia uczulenia. <\/p>\n<\/div>\n<\/div>\n\n\n\n<p>En<\/p>\n\n\n\n<p>Klinika ExcelMed to bogata oferta zabieg\u00f3w z zakresu Kosmetologii i Medycyny Estetycznej. W komfortowych warunkach, w samym Centrum Szczecina, zaplanujemy dla Ciebie terapie odm\u0142adzaj\u0105ce anty-anging, zlikwidujesz zmarszczki, pozb\u0119dziesz si\u0119 cieni pod oczami, poprawisz owal twarzy, powi\u0119kszysz usta, a tak\u017ce odm\u0142odzisz d\u0142onie i dekolt, odpr\u0119\u017cysz si\u0119 i zrelaksujesz oddaj\u0105c si\u0119 w r\u0119ce profesjonalnych masa\u017cyst\u00f3w i wiele innych (patrz r\u00f3wnie\u017c Medycyna Estetyczna).<\/p>\n\n\n\n<p>Znakomicie wykszta\u0142cona i do\u015bwiadczona kadra wsp\u00f3\u0142pracuj\u0105cych ze sob\u0105 lekarzy wytrwale d\u0105\u017cy do zaspokojenia indywidualnych potrzeb Naszych Pacjent\u00f3w. Satysfakcja Pacjenta z efekt\u00f3w leczenia jest wsp\u00f3lnym mianownikiem wszelkich dzia\u0142a\u0144 i rozwoju naszej plac\u00f3wki.<\/p>\n\n\n\n<p>Towarzyszymy w rozwoju i czuwamy nad ka\u017cdym etapem leczenia, nawet poza murami kliniki. Korzystaj\u0105c ze swojego wieloletniego do\u015bwiadczenia i wiedzy zapewniamy interdyscyplinarne leczenie i kompleksowo\u015b\u0107 us\u0142ug.<\/p>\n","protected":false},"excerpt":{"rendered":"<p>En Klinika ExcelMed to bogata oferta zabieg\u00f3w z zakresu Kosmetologii i Medycyny Estetycznej. W komfortowych warunkach, w samym Centrum Szczecina,<\/p>\n","protected":false},"author":2,"featured_media":0,"parent":0,"menu_order":0,"comment_status":"closed","ping_status":"closed","template":"templates\/about.php","meta":{"advgb_blocks_editor_width":"","advgb_blocks_columns_visual_guide":"","footnotes":""},"yst_prominent_words":[],"class_list":["post-1204","page","type-page","status-publish","hentry"],"coauthors":[],"author_meta":{"author_link":"https:\/\/excelmed.pl\/en\/author\/radek\/","display_name":"Radek"},"relative_dates":{"created":"Posted 6 years ago","modified":"Updated 6 years ago"},"absolute_dates":{"created":"Posted on 12 February 2020","modified":"Updated on 5 April 2020"},"absolute_dates_time":{"created":"Posted on 12 February 2020 21:24","modified":"Updated on 5 April 2020 03:03"},"featured_img_caption":"","featured_img":false,"series_order":"","_links":{"self":[{"href":"https:\/\/excelmed.pl\/en\/wp-json\/wp\/v2\/pages\/1204","targetHints":{"allow":["GET"]}}],"collection":[{"href":"https:\/\/excelmed.pl\/en\/wp-json\/wp\/v2\/pages"}],"about":[{"href":"https:\/\/excelmed.pl\/en\/wp-json\/wp\/v2\/types\/page"}],"author":[{"embeddable":true,"href":"https:\/\/excelmed.pl\/en\/wp-json\/wp\/v2\/users\/2"}],"replies":[{"embeddable":true,"href":"https:\/\/excelmed.pl\/en\/wp-json\/wp\/v2\/comments?post=1204"}],"version-history":[{"count":3,"href":"https:\/\/excelmed.pl\/en\/wp-json\/wp\/v2\/pages\/1204\/revisions"}],"predecessor-version":[{"id":1348,"href":"https:\/\/excelmed.pl\/en\/wp-json\/wp\/v2\/pages\/1204\/revisions\/1348"}],"wp:attachment":[{"href":"https:\/\/excelmed.pl\/en\/wp-json\/wp\/v2\/media?parent=1204"}],"wp:term":[{"taxonomy":"yst_prominent_words","embeddable":true,"href":"https:\/\/excelmed.pl\/en\/wp-json\/wp\/v2\/yst_prominent_words?post=1204"}],"curies":[{"name":"wp","href":"https:\/\/api.w.org\/{rel}","templated":true}]}}